{"id":81473,"date":"2023-02-17T04:52:04","date_gmt":"2023-02-17T04:52:04","guid":{"rendered":"https:\/\/ibantoni.com\/shop\/Ikke%20kategoriseret\/eksklusivt-print-vikingeoel-version-2\/"},"modified":"2025-01-31T19:09:43","modified_gmt":"2025-01-31T19:09:43","slug":"eksklusivt-print-vikingeoel-version-2","status":"publish","type":"product","link":"https:\/\/ibantoni.com\/da\/shop\/motiver\/vikingeoel-findes-i-2-versioner\/vikingeoel-version-2\/eksklusivt-print-vikingeoel-version-2\/","title":{"rendered":"Eksklusivt print: Vikinge\u00f8l <br> Version 2"},"content":{"rendered":"","protected":false},"excerpt":{"rendered":"<p>Dette motiv er tegnet af <a href=\"https:\/\/ibantoni.com\/da\/ib-antoni-dk\/\">Ib Antoni<\/a> og vi gl\u00e6der os til at fort\u00e6lle dig meget mere om det. Mere information f\u00f8lger snarest. <br \/>  Alle vores print produceres i Danmark p\u00e5 FSC-certificeret papir i en meget flot kvalitet og p\u00e5 kraftigt papir. Et specialprint printes kun \u00e9t ad gangen og sk\u00e6res ud i h\u00e5nden, hvilket g\u00f8r det muligt, at bestille et motiv, som vi ikke har i vores faste sortiment. Printets overflade fremst\u00e5r meget eksklusivt og farverne meget klare. <br \/><strong>Bem\u00e6rk<\/strong> venligst at specialprint kun laves p\u00e5 unik bestilling og derfor ikke kan returneres\/ombyttes. Husk at l\u00e6se de specielle forhold, der g\u00f8r sig g\u00e6ldende ved bestilling af specialprint under vores <a href=\"https:\/\/ibantoni.com\/da\/handelsbetingelser-2\/\">Handelsbetingelser<\/a>. <br \/><strong>Bem\u00e6rk<\/strong> at nogle motiver m\u00e5ske findes som plakat.<\/p>\n","protected":false},"featured_media":63833,"template":"","meta":[],"product_brand":[],"product_cat":[1256,4399,5502,7088,4984,5051],"product_tag":[],"class_list":{"0":"post-81473","1":"product","2":"type-product","3":"status-publish","4":"has-post-thumbnail","6":"product_cat-eksklusive-print","7":"product_cat-vikingel-findes-i-2-versioner","8":"product_cat-vikingeoel-findes-i-2-versioner","9":"product_cat-vikingeoel-version-2","10":"product_cat-the-star-brewery","11":"product_cat-viking-export-beer","12":"pa_stoerrelse-100x140-cm","13":"pa_stoerrelse-13x19-in-3302x4826-cm","14":"pa_stoerrelse-18x24-in-4572x6096-cm","15":"pa_stoerrelse-24x36-in-6096x9144-cm","16":"pa_stoerrelse-30x40-cm","17":"pa_stoerrelse-50x70-cm","18":"pa_stoerrelse-5x7-in-127x1778-cm","19":"pa_stoerrelse-60x80-cm","20":"pa_stoerrelse-70x100-cm","21":"pa_stoerrelse-8x12-in-2032x3048-cm","22":"pa_stoerrelse-a0-841x1189-cm","23":"pa_stoerrelse-a1-594x841-cm","24":"pa_stoerrelse-a2-42x594-cm","25":"pa_stoerrelse-a3-297x42-cm","26":"pa_stoerrelse-a4-21x297-cm","27":"pa_stoerrelse-a5-148x21-cm","28":"pa_stoerrelse-a6-105x148-cm","30":"first","31":"instock","32":"taxable","33":"shipping-taxable","34":"purchasable","35":"product-type-variable"},"yoast_head":"<!-- This site is optimized with the Yoast SEO plugin v27.6 - https:\/\/yoast.com\/product\/yoast-seo-wordpress\/ -->\n<title>Eksklusivt print: Vikinge\u00f8l  Version 2 - Antoni Legacy<\/title>\n<meta name=\"robots\" content=\"index, follow, max-snippet:-1, max-image-preview:large, max-video-preview:-1\" \/>\n<link rel=\"canonical\" href=\"https:\/\/ibantoni.com\/da\/shop\/kunder\/the-star-brewery\/eksklusivt-print-vikingeoel-version-2\/\" \/>\n<meta property=\"og:locale\" content=\"da_DK\" \/>\n<meta property=\"og:type\" content=\"article\" \/>\n<meta property=\"og:title\" content=\"Eksklusivt print: Vikinge\u00f8l  Version 2 - Antoni Legacy\" \/>\n<meta property=\"og:description\" content=\"Dette motiv er tegnet af Ib Antoni og vi gl\u00e6der os til at fort\u00e6lle dig meget mere om det. Mere information f\u00f8lger snarest.  Alle vores print produceres i Danmark p\u00e5 FSC-certificeret papir i en meget flot kvalitet og p\u00e5 kraftigt papir. Et specialprint printes kun \u00e9t ad gangen og sk\u00e6res ud i h\u00e5nden, hvilket g\u00f8r det muligt, at bestille et motiv, som vi ikke har i vores faste sortiment. Printets overflade fremst\u00e5r meget eksklusivt og farverne meget klare. Bem\u00e6rk venligst at specialprint kun laves p\u00e5 unik bestilling og derfor ikke kan returneres\/ombyttes. Husk at l\u00e6se de specielle forhold, der g\u00f8r sig g\u00e6ldende ved bestilling af specialprint under vores Handelsbetingelser. Bem\u00e6rk at nogle motiver m\u00e5ske findes som plakat.\" \/>\n<meta property=\"og:url\" content=\"https:\/\/ibantoni.com\/da\/shop\/kunder\/the-star-brewery\/eksklusivt-print-vikingeoel-version-2\/\" \/>\n<meta property=\"og:site_name\" content=\"Antoni Legacy\" \/>\n<meta property=\"article:modified_time\" content=\"2025-01-31T19:09:43+00:00\" \/>\n<meta property=\"og:image\" content=\"https:\/\/ibantoni.com\/wp-content\/uploads\/2023\/01\/POD-867.jpg\" \/>\n\t<meta property=\"og:image:width\" content=\"1200\" \/>\n\t<meta property=\"og:image:height\" content=\"1200\" \/>\n\t<meta property=\"og:image:type\" content=\"image\/jpeg\" \/>\n<meta name=\"twitter:card\" content=\"summary_large_image\" \/>\n<script type=\"application\/ld+json\" class=\"yoast-schema-graph\">{\"@context\":\"https:\\\/\\\/schema.org\",\"@graph\":[{\"@type\":\"WebPage\",\"@id\":\"https:\\\/\\\/ibantoni.com\\\/da\\\/shop\\\/kunder\\\/the-star-brewery\\\/eksklusivt-print-vikingeoel-version-2\\\/\",\"url\":\"https:\\\/\\\/ibantoni.com\\\/da\\\/shop\\\/kunder\\\/the-star-brewery\\\/eksklusivt-print-vikingeoel-version-2\\\/\",\"name\":\"Eksklusivt print: Vikinge\u00f8l Version 2 - Antoni Legacy\",\"isPartOf\":{\"@id\":\"https:\\\/\\\/ibantoni.com\\\/#website\"},\"primaryImageOfPage\":{\"@id\":\"https:\\\/\\\/ibantoni.com\\\/da\\\/shop\\\/kunder\\\/the-star-brewery\\\/eksklusivt-print-vikingeoel-version-2\\\/#primaryimage\"},\"image\":{\"@id\":\"https:\\\/\\\/ibantoni.com\\\/da\\\/shop\\\/kunder\\\/the-star-brewery\\\/eksklusivt-print-vikingeoel-version-2\\\/#primaryimage\"},\"thumbnailUrl\":\"https:\\\/\\\/ibantoni.com\\\/wp-content\\\/uploads\\\/2023\\\/01\\\/POD-867.jpg\",\"datePublished\":\"2023-02-17T04:52:04+00:00\",\"dateModified\":\"2025-01-31T19:09:43+00:00\",\"breadcrumb\":{\"@id\":\"https:\\\/\\\/ibantoni.com\\\/da\\\/shop\\\/kunder\\\/the-star-brewery\\\/eksklusivt-print-vikingeoel-version-2\\\/#breadcrumb\"},\"inLanguage\":\"da-DK\",\"potentialAction\":[{\"@type\":\"ReadAction\",\"target\":[\"https:\\\/\\\/ibantoni.com\\\/da\\\/shop\\\/kunder\\\/the-star-brewery\\\/eksklusivt-print-vikingeoel-version-2\\\/\"]}]},{\"@type\":\"ImageObject\",\"inLanguage\":\"da-DK\",\"@id\":\"https:\\\/\\\/ibantoni.com\\\/da\\\/shop\\\/kunder\\\/the-star-brewery\\\/eksklusivt-print-vikingeoel-version-2\\\/#primaryimage\",\"url\":\"https:\\\/\\\/ibantoni.com\\\/wp-content\\\/uploads\\\/2023\\\/01\\\/POD-867.jpg\",\"contentUrl\":\"https:\\\/\\\/ibantoni.com\\\/wp-content\\\/uploads\\\/2023\\\/01\\\/POD-867.jpg\",\"width\":1200,\"height\":1200},{\"@type\":\"BreadcrumbList\",\"@id\":\"https:\\\/\\\/ibantoni.com\\\/da\\\/shop\\\/kunder\\\/the-star-brewery\\\/eksklusivt-print-vikingeoel-version-2\\\/#breadcrumb\",\"itemListElement\":[{\"@type\":\"ListItem\",\"position\":1,\"name\":\"Home\",\"item\":\"https:\\\/\\\/ibantoni.com\\\/da\\\/antoni-danish-design-since-1946\\\/\"},{\"@type\":\"ListItem\",\"position\":2,\"name\":\"SHOP\",\"item\":\"https:\\\/\\\/ibantoni.com\\\/da\\\/shop-da\\\/\"},{\"@type\":\"ListItem\",\"position\":3,\"name\":\"Exclusive prints\",\"item\":\"https:\\\/\\\/ibantoni.com\\\/product-category\\\/exclusive-prints\\\/\"},{\"@type\":\"ListItem\",\"position\":4,\"name\":\"Viking Beer | Available in 2 versions\",\"item\":\"https:\\\/\\\/ibantoni.com\\\/product-category\\\/exclusive-prints\\\/viking-beer-available-in-2-versions\\\/\"},{\"@type\":\"ListItem\",\"position\":5,\"name\":\"Eksklusivt print: Vikinge\u00f8l Version 2\"}]},{\"@type\":\"WebSite\",\"@id\":\"https:\\\/\\\/ibantoni.com\\\/#website\",\"url\":\"https:\\\/\\\/ibantoni.com\\\/\",\"name\":\"Antoni Legacy\",\"description\":\"Danish Design since 1946\",\"publisher\":{\"@id\":\"https:\\\/\\\/ibantoni.com\\\/#organization\"},\"potentialAction\":[{\"@type\":\"SearchAction\",\"target\":{\"@type\":\"EntryPoint\",\"urlTemplate\":\"https:\\\/\\\/ibantoni.com\\\/?s={search_term_string}\"},\"query-input\":{\"@type\":\"PropertyValueSpecification\",\"valueRequired\":true,\"valueName\":\"search_term_string\"}}],\"inLanguage\":\"da-DK\"},{\"@type\":\"Organization\",\"@id\":\"https:\\\/\\\/ibantoni.com\\\/#organization\",\"name\":\"Antoni Legacy\",\"url\":\"https:\\\/\\\/ibantoni.com\\\/\",\"logo\":{\"@type\":\"ImageObject\",\"inLanguage\":\"da-DK\",\"@id\":\"https:\\\/\\\/ibantoni.com\\\/#\\\/schema\\\/logo\\\/image\\\/\",\"url\":\"https:\\\/\\\/ibantoni.com\\\/wp-content\\\/uploads\\\/2020\\\/07\\\/antoni-signatur-sort75.png\",\"contentUrl\":\"https:\\\/\\\/ibantoni.com\\\/wp-content\\\/uploads\\\/2020\\\/07\\\/antoni-signatur-sort75.png\",\"width\":234,\"height\":75,\"caption\":\"Antoni Legacy\"},\"image\":{\"@id\":\"https:\\\/\\\/ibantoni.com\\\/#\\\/schema\\\/logo\\\/image\\\/\"}}]}<\/script>\n<!-- \/ Yoast SEO plugin. -->","yoast_head_json":{"title":"Eksklusivt print: Vikinge\u00f8l  Version 2 - Antoni Legacy","robots":{"index":"index","follow":"follow","max-snippet":"max-snippet:-1","max-image-preview":"max-image-preview:large","max-video-preview":"max-video-preview:-1"},"canonical":"https:\/\/ibantoni.com\/da\/shop\/kunder\/the-star-brewery\/eksklusivt-print-vikingeoel-version-2\/","og_locale":"da_DK","og_type":"article","og_title":"Eksklusivt print: Vikinge\u00f8l  Version 2 - Antoni Legacy","og_description":"Dette motiv er tegnet af Ib Antoni og vi gl\u00e6der os til at fort\u00e6lle dig meget mere om det. Mere information f\u00f8lger snarest.  Alle vores print produceres i Danmark p\u00e5 FSC-certificeret papir i en meget flot kvalitet og p\u00e5 kraftigt papir. Et specialprint printes kun \u00e9t ad gangen og sk\u00e6res ud i h\u00e5nden, hvilket g\u00f8r det muligt, at bestille et motiv, som vi ikke har i vores faste sortiment. Printets overflade fremst\u00e5r meget eksklusivt og farverne meget klare. Bem\u00e6rk venligst at specialprint kun laves p\u00e5 unik bestilling og derfor ikke kan returneres\/ombyttes. Husk at l\u00e6se de specielle forhold, der g\u00f8r sig g\u00e6ldende ved bestilling af specialprint under vores Handelsbetingelser. Bem\u00e6rk at nogle motiver m\u00e5ske findes som plakat.","og_url":"https:\/\/ibantoni.com\/da\/shop\/kunder\/the-star-brewery\/eksklusivt-print-vikingeoel-version-2\/","og_site_name":"Antoni Legacy","article_modified_time":"2025-01-31T19:09:43+00:00","og_image":[{"width":1200,"height":1200,"url":"https:\/\/ibantoni.com\/wp-content\/uploads\/2023\/01\/POD-867.jpg","type":"image\/jpeg"}],"twitter_card":"summary_large_image","schema":{"@context":"https:\/\/schema.org","@graph":[{"@type":"WebPage","@id":"https:\/\/ibantoni.com\/da\/shop\/kunder\/the-star-brewery\/eksklusivt-print-vikingeoel-version-2\/","url":"https:\/\/ibantoni.com\/da\/shop\/kunder\/the-star-brewery\/eksklusivt-print-vikingeoel-version-2\/","name":"Eksklusivt print: Vikinge\u00f8l Version 2 - Antoni Legacy","isPartOf":{"@id":"https:\/\/ibantoni.com\/#website"},"primaryImageOfPage":{"@id":"https:\/\/ibantoni.com\/da\/shop\/kunder\/the-star-brewery\/eksklusivt-print-vikingeoel-version-2\/#primaryimage"},"image":{"@id":"https:\/\/ibantoni.com\/da\/shop\/kunder\/the-star-brewery\/eksklusivt-print-vikingeoel-version-2\/#primaryimage"},"thumbnailUrl":"https:\/\/ibantoni.com\/wp-content\/uploads\/2023\/01\/POD-867.jpg","datePublished":"2023-02-17T04:52:04+00:00","dateModified":"2025-01-31T19:09:43+00:00","breadcrumb":{"@id":"https:\/\/ibantoni.com\/da\/shop\/kunder\/the-star-brewery\/eksklusivt-print-vikingeoel-version-2\/#breadcrumb"},"inLanguage":"da-DK","potentialAction":[{"@type":"ReadAction","target":["https:\/\/ibantoni.com\/da\/shop\/kunder\/the-star-brewery\/eksklusivt-print-vikingeoel-version-2\/"]}]},{"@type":"ImageObject","inLanguage":"da-DK","@id":"https:\/\/ibantoni.com\/da\/shop\/kunder\/the-star-brewery\/eksklusivt-print-vikingeoel-version-2\/#primaryimage","url":"https:\/\/ibantoni.com\/wp-content\/uploads\/2023\/01\/POD-867.jpg","contentUrl":"https:\/\/ibantoni.com\/wp-content\/uploads\/2023\/01\/POD-867.jpg","width":1200,"height":1200},{"@type":"BreadcrumbList","@id":"https:\/\/ibantoni.com\/da\/shop\/kunder\/the-star-brewery\/eksklusivt-print-vikingeoel-version-2\/#breadcrumb","itemListElement":[{"@type":"ListItem","position":1,"name":"Home","item":"https:\/\/ibantoni.com\/da\/antoni-danish-design-since-1946\/"},{"@type":"ListItem","position":2,"name":"SHOP","item":"https:\/\/ibantoni.com\/da\/shop-da\/"},{"@type":"ListItem","position":3,"name":"Exclusive prints","item":"https:\/\/ibantoni.com\/product-category\/exclusive-prints\/"},{"@type":"ListItem","position":4,"name":"Viking Beer | Available in 2 versions","item":"https:\/\/ibantoni.com\/product-category\/exclusive-prints\/viking-beer-available-in-2-versions\/"},{"@type":"ListItem","position":5,"name":"Eksklusivt print: Vikinge\u00f8l Version 2"}]},{"@type":"WebSite","@id":"https:\/\/ibantoni.com\/#website","url":"https:\/\/ibantoni.com\/","name":"Antoni Legacy","description":"Danish Design since 1946","publisher":{"@id":"https:\/\/ibantoni.com\/#organization"},"potentialAction":[{"@type":"SearchAction","target":{"@type":"EntryPoint","urlTemplate":"https:\/\/ibantoni.com\/?s={search_term_string}"},"query-input":{"@type":"PropertyValueSpecification","valueRequired":true,"valueName":"search_term_string"}}],"inLanguage":"da-DK"},{"@type":"Organization","@id":"https:\/\/ibantoni.com\/#organization","name":"Antoni Legacy","url":"https:\/\/ibantoni.com\/","logo":{"@type":"ImageObject","inLanguage":"da-DK","@id":"https:\/\/ibantoni.com\/#\/schema\/logo\/image\/","url":"https:\/\/ibantoni.com\/wp-content\/uploads\/2020\/07\/antoni-signatur-sort75.png","contentUrl":"https:\/\/ibantoni.com\/wp-content\/uploads\/2020\/07\/antoni-signatur-sort75.png","width":234,"height":75,"caption":"Antoni Legacy"},"image":{"@id":"https:\/\/ibantoni.com\/#\/schema\/logo\/image\/"}}]}},"_links":{"self":[{"href":"https:\/\/ibantoni.com\/da\/wp-json\/wp\/v2\/product\/81473","targetHints":{"allow":["GET"]}}],"collection":[{"href":"https:\/\/ibantoni.com\/da\/wp-json\/wp\/v2\/product"}],"about":[{"href":"https:\/\/ibantoni.com\/da\/wp-json\/wp\/v2\/types\/product"}],"wp:featuredmedia":[{"embeddable":true,"href":"https:\/\/ibantoni.com\/da\/wp-json\/wp\/v2\/media\/63833"}],"wp:attachment":[{"href":"https:\/\/ibantoni.com\/da\/wp-json\/wp\/v2\/media?parent=81473"}],"wp:term":[{"taxonomy":"product_brand","embeddable":true,"href":"https:\/\/ibantoni.com\/da\/wp-json\/wp\/v2\/product_brand?post=81473"},{"taxonomy":"product_cat","embeddable":true,"href":"https:\/\/ibantoni.com\/da\/wp-json\/wp\/v2\/product_cat?post=81473"},{"taxonomy":"product_tag","embeddable":true,"href":"https:\/\/ibantoni.com\/da\/wp-json\/wp\/v2\/product_tag?post=81473"}],"curies":[{"name":"wp","href":"https:\/\/api.w.org\/{rel}","templated":true}]}}