{"id":29537,"date":"2020-08-20T11:15:59","date_gmt":"2020-08-20T11:15:59","guid":{"rendered":"https:\/\/ibantoni.com\/shop\/uncategorized\/import-placeholder-for-13065\/"},"modified":"2026-02-04T11:13:45","modified_gmt":"2026-02-04T11:13:45","slug":"postkort-den-danske-kok-kobenhavn","status":"publish","type":"product","link":"https:\/\/ibantoni.com\/da\/shop\/kunder\/dansk-landbrug-da\/postkort-den-danske-kok-kobenhavn\/","title":{"rendered":"Postkort: Den Danske Kok (K\u00f8benhavn)"},"content":{"rendered":"","protected":false},"excerpt":{"rendered":"<p>Som en tamburmajor med sin stav, g\u00e5r den glade danske kok fremad med sin ske og en vogn med l\u00e6kre og indbydende danske f\u00f8devarer. Denne dejlige illustration er oprindeligt tegnet for <a href=\"https:\/\/ibantoni.com\/da\/vare-kategori\/kunder\/dansk-landbrug-da\/\">Dansk Landbrug<\/a>, men motivet blev ogs\u00e5 brugt af <a href=\"https:\/\/ibantoni.com\/da\/vare-kategori\/kunder\/det-danske-udenrigsministerium-da\/\">Det Danske Udenrigsministerium<\/a>\u2026 <a href=\"https:\/\/ibantoni.com\/da\/vare-kategori\/motiver\/den-danske-kok-koebenhavn\/\">L\u00e6s mere.<\/a><\/p>\n<p>Vores postkort trykkes i Danmark p\u00e5 svensk kvalitetspapir (400 g) fra b\u00e6redygtigt skovbrug. Papiret har samme nuance som Antonis oprindelige tryk og vi trykker med lys\u00e6gte farver. I reproduktionen af de originale tryk, som indeholdt pantone guld, er der igen tiltrykt pantone guld i et ekstra lag.<\/p>\n","protected":false},"featured_media":2001,"template":"","meta":[],"product_brand":[],"product_cat":[1276,1277,2130,7791,1354,3354,3318],"product_tag":[338,436,437,438,439,24],"class_list":{"0":"post-29537","1":"product","2":"type-product","3":"status-publish","4":"has-post-thumbnail","6":"product_cat-postkort","7":"product_cat-105x148-cm-a6","8":"product_cat-dansk-landbrug-da","9":"product_cat-dannebrog","10":"product_cat-koebenhavn","11":"product_cat-mad","12":"product_cat-wonderful-copenhagen-da","13":"product_tag-danmark","14":"product_tag-dansk-landbrug","15":"product_tag-danske-fodevarer","16":"product_tag-kok","17":"product_tag-madlavning","18":"product_tag-wonderful-copenhagen","20":"first","21":"instock","22":"taxable","23":"shipping-taxable","24":"purchasable","25":"product-type-simple"},"yoast_head":"<!-- This site is optimized with the Yoast SEO plugin v27.6 - https:\/\/yoast.com\/product\/yoast-seo-wordpress\/ -->\n<title>Postkort: Den Danske Kok (K\u00f8benhavn) - Antoni Legacy<\/title>\n<meta name=\"robots\" content=\"index, follow, max-snippet:-1, max-image-preview:large, max-video-preview:-1\" \/>\n<link rel=\"canonical\" href=\"https:\/\/ibantoni.com\/da\/shop\/kunder\/dansk-landbrug-da\/postkort-den-danske-kok-kobenhavn\/\" \/>\n<meta property=\"og:locale\" content=\"da_DK\" \/>\n<meta property=\"og:type\" content=\"article\" \/>\n<meta property=\"og:title\" content=\"Postkort: Den Danske Kok (K\u00f8benhavn) - Antoni Legacy\" \/>\n<meta property=\"og:description\" content=\"Som en tamburmajor med sin stav, g\u00e5r den glade danske kok fremad med sin ske og en vogn med l\u00e6kre og indbydende danske f\u00f8devarer. Denne dejlige illustration er oprindeligt tegnet for Dansk Landbrug, men motivet blev ogs\u00e5 brugt af Det Danske Udenrigsministerium\u2026 L\u00e6s mere.  Vores postkort trykkes i Danmark p\u00e5 svensk kvalitetspapir (400 g) fra b\u00e6redygtigt skovbrug. Papiret har samme nuance som Antonis oprindelige tryk og vi trykker med lys\u00e6gte farver. I reproduktionen af de originale tryk, som indeholdt pantone guld, er der igen tiltrykt pantone guld i et ekstra lag.\" \/>\n<meta property=\"og:url\" content=\"https:\/\/ibantoni.com\/da\/shop\/kunder\/dansk-landbrug-da\/postkort-den-danske-kok-kobenhavn\/\" \/>\n<meta property=\"og:site_name\" content=\"Antoni Legacy\" \/>\n<meta property=\"article:modified_time\" content=\"2026-02-04T11:13:45+00:00\" \/>\n<meta property=\"og:image\" content=\"https:\/\/ibantoni.com\/wp-content\/uploads\/2020\/07\/PC-017.jpg\" \/>\n\t<meta property=\"og:image:width\" content=\"1200\" \/>\n\t<meta property=\"og:image:height\" content=\"1200\" \/>\n\t<meta property=\"og:image:type\" content=\"image\/jpeg\" \/>\n<meta name=\"twitter:card\" content=\"summary_large_image\" \/>\n<meta name=\"twitter:label1\" content=\"Estimeret l\u00e6setid\" \/>\n\t<meta name=\"twitter:data1\" content=\"1 minut\" \/>\n<script type=\"application\/ld+json\" class=\"yoast-schema-graph\">{\"@context\":\"https:\\\/\\\/schema.org\",\"@graph\":[{\"@type\":\"WebPage\",\"@id\":\"https:\\\/\\\/ibantoni.com\\\/da\\\/shop\\\/kunder\\\/dansk-landbrug-da\\\/postkort-den-danske-kok-kobenhavn\\\/\",\"url\":\"https:\\\/\\\/ibantoni.com\\\/da\\\/shop\\\/kunder\\\/dansk-landbrug-da\\\/postkort-den-danske-kok-kobenhavn\\\/\",\"name\":\"Postkort: Den Danske Kok (K\u00f8benhavn) - Antoni Legacy\",\"isPartOf\":{\"@id\":\"https:\\\/\\\/ibantoni.com\\\/#website\"},\"primaryImageOfPage\":{\"@id\":\"https:\\\/\\\/ibantoni.com\\\/da\\\/shop\\\/kunder\\\/dansk-landbrug-da\\\/postkort-den-danske-kok-kobenhavn\\\/#primaryimage\"},\"image\":{\"@id\":\"https:\\\/\\\/ibantoni.com\\\/da\\\/shop\\\/kunder\\\/dansk-landbrug-da\\\/postkort-den-danske-kok-kobenhavn\\\/#primaryimage\"},\"thumbnailUrl\":\"https:\\\/\\\/ibantoni.com\\\/wp-content\\\/uploads\\\/2020\\\/07\\\/PC-017.jpg\",\"datePublished\":\"2020-08-20T11:15:59+00:00\",\"dateModified\":\"2026-02-04T11:13:45+00:00\",\"breadcrumb\":{\"@id\":\"https:\\\/\\\/ibantoni.com\\\/da\\\/shop\\\/kunder\\\/dansk-landbrug-da\\\/postkort-den-danske-kok-kobenhavn\\\/#breadcrumb\"},\"inLanguage\":\"da-DK\",\"potentialAction\":[{\"@type\":\"ReadAction\",\"target\":[\"https:\\\/\\\/ibantoni.com\\\/da\\\/shop\\\/kunder\\\/dansk-landbrug-da\\\/postkort-den-danske-kok-kobenhavn\\\/\"]}]},{\"@type\":\"ImageObject\",\"inLanguage\":\"da-DK\",\"@id\":\"https:\\\/\\\/ibantoni.com\\\/da\\\/shop\\\/kunder\\\/dansk-landbrug-da\\\/postkort-den-danske-kok-kobenhavn\\\/#primaryimage\",\"url\":\"https:\\\/\\\/ibantoni.com\\\/wp-content\\\/uploads\\\/2020\\\/07\\\/PC-017.jpg\",\"contentUrl\":\"https:\\\/\\\/ibantoni.com\\\/wp-content\\\/uploads\\\/2020\\\/07\\\/PC-017.jpg\",\"width\":1200,\"height\":1200},{\"@type\":\"BreadcrumbList\",\"@id\":\"https:\\\/\\\/ibantoni.com\\\/da\\\/shop\\\/kunder\\\/dansk-landbrug-da\\\/postkort-den-danske-kok-kobenhavn\\\/#breadcrumb\",\"itemListElement\":[{\"@type\":\"ListItem\",\"position\":1,\"name\":\"Home\",\"item\":\"https:\\\/\\\/ibantoni.com\\\/da\\\/antoni-danish-design-since-1946\\\/\"},{\"@type\":\"ListItem\",\"position\":2,\"name\":\"SHOP\",\"item\":\"https:\\\/\\\/ibantoni.com\\\/da\\\/shop-da\\\/\"},{\"@type\":\"ListItem\",\"position\":3,\"name\":\"Postkort\",\"item\":\"https:\\\/\\\/ibantoni.com\\\/da\\\/product-category\\\/postkort\\\/\"},{\"@type\":\"ListItem\",\"position\":4,\"name\":\"Postkort: Den Danske Kok (K\u00f8benhavn)\"}]},{\"@type\":\"WebSite\",\"@id\":\"https:\\\/\\\/ibantoni.com\\\/#website\",\"url\":\"https:\\\/\\\/ibantoni.com\\\/\",\"name\":\"Antoni Legacy\",\"description\":\"Danish Design since 1946\",\"publisher\":{\"@id\":\"https:\\\/\\\/ibantoni.com\\\/#organization\"},\"potentialAction\":[{\"@type\":\"SearchAction\",\"target\":{\"@type\":\"EntryPoint\",\"urlTemplate\":\"https:\\\/\\\/ibantoni.com\\\/?s={search_term_string}\"},\"query-input\":{\"@type\":\"PropertyValueSpecification\",\"valueRequired\":true,\"valueName\":\"search_term_string\"}}],\"inLanguage\":\"da-DK\"},{\"@type\":\"Organization\",\"@id\":\"https:\\\/\\\/ibantoni.com\\\/#organization\",\"name\":\"Antoni Legacy\",\"url\":\"https:\\\/\\\/ibantoni.com\\\/\",\"logo\":{\"@type\":\"ImageObject\",\"inLanguage\":\"da-DK\",\"@id\":\"https:\\\/\\\/ibantoni.com\\\/#\\\/schema\\\/logo\\\/image\\\/\",\"url\":\"https:\\\/\\\/ibantoni.com\\\/wp-content\\\/uploads\\\/2020\\\/07\\\/antoni-signatur-sort75.png\",\"contentUrl\":\"https:\\\/\\\/ibantoni.com\\\/wp-content\\\/uploads\\\/2020\\\/07\\\/antoni-signatur-sort75.png\",\"width\":234,\"height\":75,\"caption\":\"Antoni Legacy\"},\"image\":{\"@id\":\"https:\\\/\\\/ibantoni.com\\\/#\\\/schema\\\/logo\\\/image\\\/\"}}]}<\/script>\n<!-- \/ Yoast SEO plugin. -->","yoast_head_json":{"title":"Postkort: Den Danske Kok (K\u00f8benhavn) - Antoni Legacy","robots":{"index":"index","follow":"follow","max-snippet":"max-snippet:-1","max-image-preview":"max-image-preview:large","max-video-preview":"max-video-preview:-1"},"canonical":"https:\/\/ibantoni.com\/da\/shop\/kunder\/dansk-landbrug-da\/postkort-den-danske-kok-kobenhavn\/","og_locale":"da_DK","og_type":"article","og_title":"Postkort: Den Danske Kok (K\u00f8benhavn) - Antoni Legacy","og_description":"Som en tamburmajor med sin stav, g\u00e5r den glade danske kok fremad med sin ske og en vogn med l\u00e6kre og indbydende danske f\u00f8devarer. Denne dejlige illustration er oprindeligt tegnet for Dansk Landbrug, men motivet blev ogs\u00e5 brugt af Det Danske Udenrigsministerium\u2026 L\u00e6s mere.  Vores postkort trykkes i Danmark p\u00e5 svensk kvalitetspapir (400 g) fra b\u00e6redygtigt skovbrug. Papiret har samme nuance som Antonis oprindelige tryk og vi trykker med lys\u00e6gte farver. I reproduktionen af de originale tryk, som indeholdt pantone guld, er der igen tiltrykt pantone guld i et ekstra lag.","og_url":"https:\/\/ibantoni.com\/da\/shop\/kunder\/dansk-landbrug-da\/postkort-den-danske-kok-kobenhavn\/","og_site_name":"Antoni Legacy","article_modified_time":"2026-02-04T11:13:45+00:00","og_image":[{"width":1200,"height":1200,"url":"https:\/\/ibantoni.com\/wp-content\/uploads\/2020\/07\/PC-017.jpg","type":"image\/jpeg"}],"twitter_card":"summary_large_image","twitter_misc":{"Estimeret l\u00e6setid":"1 minut"},"schema":{"@context":"https:\/\/schema.org","@graph":[{"@type":"WebPage","@id":"https:\/\/ibantoni.com\/da\/shop\/kunder\/dansk-landbrug-da\/postkort-den-danske-kok-kobenhavn\/","url":"https:\/\/ibantoni.com\/da\/shop\/kunder\/dansk-landbrug-da\/postkort-den-danske-kok-kobenhavn\/","name":"Postkort: Den Danske Kok (K\u00f8benhavn) - Antoni Legacy","isPartOf":{"@id":"https:\/\/ibantoni.com\/#website"},"primaryImageOfPage":{"@id":"https:\/\/ibantoni.com\/da\/shop\/kunder\/dansk-landbrug-da\/postkort-den-danske-kok-kobenhavn\/#primaryimage"},"image":{"@id":"https:\/\/ibantoni.com\/da\/shop\/kunder\/dansk-landbrug-da\/postkort-den-danske-kok-kobenhavn\/#primaryimage"},"thumbnailUrl":"https:\/\/ibantoni.com\/wp-content\/uploads\/2020\/07\/PC-017.jpg","datePublished":"2020-08-20T11:15:59+00:00","dateModified":"2026-02-04T11:13:45+00:00","breadcrumb":{"@id":"https:\/\/ibantoni.com\/da\/shop\/kunder\/dansk-landbrug-da\/postkort-den-danske-kok-kobenhavn\/#breadcrumb"},"inLanguage":"da-DK","potentialAction":[{"@type":"ReadAction","target":["https:\/\/ibantoni.com\/da\/shop\/kunder\/dansk-landbrug-da\/postkort-den-danske-kok-kobenhavn\/"]}]},{"@type":"ImageObject","inLanguage":"da-DK","@id":"https:\/\/ibantoni.com\/da\/shop\/kunder\/dansk-landbrug-da\/postkort-den-danske-kok-kobenhavn\/#primaryimage","url":"https:\/\/ibantoni.com\/wp-content\/uploads\/2020\/07\/PC-017.jpg","contentUrl":"https:\/\/ibantoni.com\/wp-content\/uploads\/2020\/07\/PC-017.jpg","width":1200,"height":1200},{"@type":"BreadcrumbList","@id":"https:\/\/ibantoni.com\/da\/shop\/kunder\/dansk-landbrug-da\/postkort-den-danske-kok-kobenhavn\/#breadcrumb","itemListElement":[{"@type":"ListItem","position":1,"name":"Home","item":"https:\/\/ibantoni.com\/da\/antoni-danish-design-since-1946\/"},{"@type":"ListItem","position":2,"name":"SHOP","item":"https:\/\/ibantoni.com\/da\/shop-da\/"},{"@type":"ListItem","position":3,"name":"Postkort","item":"https:\/\/ibantoni.com\/da\/product-category\/postkort\/"},{"@type":"ListItem","position":4,"name":"Postkort: Den Danske Kok (K\u00f8benhavn)"}]},{"@type":"WebSite","@id":"https:\/\/ibantoni.com\/#website","url":"https:\/\/ibantoni.com\/","name":"Antoni Legacy","description":"Danish Design since 1946","publisher":{"@id":"https:\/\/ibantoni.com\/#organization"},"potentialAction":[{"@type":"SearchAction","target":{"@type":"EntryPoint","urlTemplate":"https:\/\/ibantoni.com\/?s={search_term_string}"},"query-input":{"@type":"PropertyValueSpecification","valueRequired":true,"valueName":"search_term_string"}}],"inLanguage":"da-DK"},{"@type":"Organization","@id":"https:\/\/ibantoni.com\/#organization","name":"Antoni Legacy","url":"https:\/\/ibantoni.com\/","logo":{"@type":"ImageObject","inLanguage":"da-DK","@id":"https:\/\/ibantoni.com\/#\/schema\/logo\/image\/","url":"https:\/\/ibantoni.com\/wp-content\/uploads\/2020\/07\/antoni-signatur-sort75.png","contentUrl":"https:\/\/ibantoni.com\/wp-content\/uploads\/2020\/07\/antoni-signatur-sort75.png","width":234,"height":75,"caption":"Antoni Legacy"},"image":{"@id":"https:\/\/ibantoni.com\/#\/schema\/logo\/image\/"}}]}},"_links":{"self":[{"href":"https:\/\/ibantoni.com\/da\/wp-json\/wp\/v2\/product\/29537","targetHints":{"allow":["GET"]}}],"collection":[{"href":"https:\/\/ibantoni.com\/da\/wp-json\/wp\/v2\/product"}],"about":[{"href":"https:\/\/ibantoni.com\/da\/wp-json\/wp\/v2\/types\/product"}],"wp:featuredmedia":[{"embeddable":true,"href":"https:\/\/ibantoni.com\/da\/wp-json\/wp\/v2\/media\/2001"}],"wp:attachment":[{"href":"https:\/\/ibantoni.com\/da\/wp-json\/wp\/v2\/media?parent=29537"}],"wp:term":[{"taxonomy":"product_brand","embeddable":true,"href":"https:\/\/ibantoni.com\/da\/wp-json\/wp\/v2\/product_brand?post=29537"},{"taxonomy":"product_cat","embeddable":true,"href":"https:\/\/ibantoni.com\/da\/wp-json\/wp\/v2\/product_cat?post=29537"},{"taxonomy":"product_tag","embeddable":true,"href":"https:\/\/ibantoni.com\/da\/wp-json\/wp\/v2\/product_tag?post=29537"}],"curies":[{"name":"wp","href":"https:\/\/api.w.org\/{rel}","templated":true}]}}